{"id":27,"date":"2023-10-12T13:45:28","date_gmt":"2023-10-12T11:45:28","guid":{"rendered":"https:\/\/chantalsimon.be\/?page_id=27"},"modified":"2024-09-26T14:09:20","modified_gmt":"2024-09-26T12:09:20","slug":"cours-enfants","status":"publish","type":"page","link":"https:\/\/chantalsimon.be\/?page_id=27","title":{"rendered":"Lire autrement"},"content":{"rendered":"<p>[et_pb_section fb_built=&#8221;1&#8243; _builder_version=&#8221;4.22.2&#8243; _module_preset=&#8221;default&#8221; global_colors_info=&#8221;{}&#8221;][et_pb_row column_structure=&#8221;2_5,3_5&#8243; _builder_version=&#8221;4.22.2&#8243; _module_preset=&#8221;default&#8221; global_colors_info=&#8221;{}&#8221;][et_pb_column type=&#8221;2_5&#8243; _builder_version=&#8221;4.22.2&#8243; _module_preset=&#8221;default&#8221; global_colors_info=&#8221;{}&#8221;][et_pb_image src=&#8221;http:\/\/chantalsimon.be\/wp-content\/uploads\/2023\/10\/cropped-Logo-fusee_Icone.jpg&#8221; title_text=&#8221;cropped-Logo-fusee_Icone.jpg&#8221; _builder_version=&#8221;4.22.2&#8243; _module_preset=&#8221;default&#8221; global_colors_info=&#8221;{}&#8221;][\/et_pb_image][\/et_pb_column][et_pb_column type=&#8221;3_5&#8243; _builder_version=&#8221;4.22.2&#8243; _module_preset=&#8221;default&#8221; global_colors_info=&#8221;{}&#8221;][et_pb_text _builder_version=&#8221;4.22.2&#8243; _module_preset=&#8221;default&#8221; text_font=&#8221;ABeeZee||||||||&#8221; text_text_color=&#8221;#00628C&#8221; text_font_size=&#8221;33px&#8221; text_line_height=&#8221;1.5em&#8221; inline_fonts=&#8221;ABeeZee&#8221; global_colors_info=&#8221;{}&#8221;]<\/p>\n<h2><span style=\"font-family: ABeeZee; font-weight: normal; color: #8c287d;\">Apprendre \u00e0 lire mieux et plus vite<\/span><\/h2>\n<p>[\/et_pb_text][et_pb_text _builder_version=&#8221;4.22.2&#8243; _module_preset=&#8221;default&#8221; text_font=&#8221;|||on|||||&#8221; text_text_color=&#8221;#8C287D&#8221; global_colors_info=&#8221;{}&#8221;]Que diriez-vous d&#8217;un cours individuel et personnalis\u00e9 pour vous aider \u00e0 lire mieux, plus vite et avec plus de plaisir[\/et_pb_text][et_pb_text _builder_version=&#8221;4.22.2&#8243; _module_preset=&#8221;default&#8221; custom_padding=&#8221;||6px|||&#8221; global_colors_info=&#8221;{}&#8221;]<\/p>\n<p style=\"font-weight: 400;\">Si vous avez besoin de retrouver votre concentration, de regagner confiance en vos capacit\u00e9s et de red\u00e9couvrir le plaisir de lire facilement, vous \u00eates au bon endroit.<\/p>\n<p style=\"font-weight: 400;\">\n<p style=\"font-weight: 400;\"><strong>Mon approche est unique. Elle combine des techniques de lecture rapide, de photolecture et de prise de notes cr\u00e9ative<\/strong> pour maximiser votre apprentissage et votre r\u00e9tention.<\/p>\n<p style=\"font-weight: 400;\">\n<p style=\"font-weight: 400;\">Apr\u00e8s quelques ann\u00e9es, lorsque l&#8217;\u00e9cole est d\u00e9j\u00e0 loin, il est courant de ressentir des difficult\u00e9s de concentration et une perte de motivation face \u00e0 la pile de livres. Cependant, lire des livres de d\u00e9veloppement personnel peut \u00eatre un outil tr\u00e8s puissant pour retrouver confiance en soi, red\u00e9couvrir sa passion et se r\u00e9inventer. La lecture stimule l&#8217;esprit, encourage la r\u00e9flexion et offre de nouvelles perspectives pour \u00e9voluer.<\/p>\n<p style=\"font-weight: 400;\">\n<p style=\"font-weight: 400;\">Au programme de votre apprentissage :<\/p>\n<p style=\"font-weight: 400;\">\n<ol>\n<li style=\"font-weight: 400;\">Apprendre \u00e0 lire plus vite et\/ou mieux :<\/li>\n<\/ol>\n<p style=\"font-weight: 400;\">Je vous enseignerai des techniques de lecture rapide \u00e0 utiliser \u00e0 votre rythme. Dans un premier temps, il s\u2019agit d\u2019apprendre \u00e0 mieux lire et d\u2019avancer \u00e0 diff\u00e9rentes vitesses. Cela vous permettra de vous approprier la mati\u00e8re lue tout en respectant pleinement votre propre rythme.<span>\u00a0 <\/span><\/p>\n<p style=\"font-weight: 400;\">Ces techniques et strat\u00e9gies de lecture vous permettront de gagner en temps et en efficacit\u00e9. D\u00e8s que vous vous sentirez en confiance avec ces m\u00e9thodes, elles vous permettront d\u2019augmenter consid\u00e9rablement votre vitesse de lecture.<\/p>\n<p style=\"font-weight: 400;\">\n<ol start=\"2\">\n<li style=\"font-weight: 400;\">Utiliser la photolecture :<\/li>\n<\/ol>\n<p style=\"font-weight: 400;\">La photolecture est une m\u00e9thode r\u00e9volutionnaire qui utilise les capacit\u00e9s naturelles de votre cerveau pour absorber et retenir l&#8217;information. En combinant la lecture rapide et des techniques sp\u00e9cifiques de relaxation et de visualisation, vous apprendrez \u00e0 lire de mani\u00e8re plus intuitive et efficace.<\/p>\n<p style=\"font-weight: 400;\">\n<ol start=\"3\">\n<li style=\"font-weight: 400;\">Prendre des notes de mani\u00e8re cr\u00e9ative :<\/li>\n<\/ol>\n<p style=\"font-weight: 400;\">Je vous guiderai dans l&#8217;art de la prise de notes cr\u00e9ative, une m\u00e9thode qui vous aidera \u00e0 organiser vos id\u00e9es de mani\u00e8re claire et structur\u00e9e. Que ce soit \u00e0 travers des mind maps, des dessins ou des sch\u00e9mas, cette approche vous permettra de mieux retenir ce que vous avez appris et de rendre vos sessions de lecture plus interactives et agr\u00e9ables.<\/p>\n<p style=\"font-weight: 400;\">\n<p style=\"font-weight: 400;\">Mon Approche<\/p>\n<p style=\"font-weight: 400;\">\n<p style=\"font-weight: 400;\">En tant que ma\u00eetre praticienne en PNL, praticienne en hypnose et instructrice en photolecture, j&#8217;utilise une approche holistique et personnalis\u00e9e, car je comprends que chaque parcours vie est unique. Chaque session est adapt\u00e9e \u00e0 vos besoins et se fait \u00e0 votre rythme. Mon objectif est de vous aider \u00e0 retrouver la confiance en vos capacit\u00e9s, \u00e0 vous redonner le go\u00fbt de lire et \u00e0 vous accompagner dans votre d\u00e9veloppement personnel.<\/p>\n<p style=\"font-weight: 400;\">\n<p style=\"font-weight: 400;\">\n<p style=\"font-weight: 400;\">Si vous \u00eates pr\u00eat(e) \u00e0 retrouver le plaisir de lire et \u00e0 \u00e9voluer positivement, je serais ravie de vous accompagner dans ce voyage. N&#8217;h\u00e9sitez pas \u00e0 me contacter pour discuter de vos besoins et d\u00e9couvrir comment je peux vous aider \u00e0 retrouver votre \u00e9lan.<\/p>\n<p style=\"font-weight: 400;\">\n<p style=\"font-weight: 400;\"><strong>Contactez-moi d\u00e8s aujourd&#8217;hui pour faire le point sur vos besoins<\/strong><\/p>\n<p>[\/et_pb_text][\/et_pb_column][\/et_pb_row][\/et_pb_section][et_pb_section fb_built=&#8221;1&#8243; _builder_version=&#8221;4.22.2&#8243; _module_preset=&#8221;default&#8221; global_colors_info=&#8221;{}&#8221;][\/et_pb_section]<\/p>\n","protected":false},"excerpt":{"rendered":"<p>Apprendre \u00e0 lire mieux et plus viteQue diriez-vous d&#8217;un cours individuel et personnalis\u00e9 pour vous aider \u00e0 lire mieux, plus vite et avec plus de plaisirSi vous avez besoin de retrouver votre concentration, de regagner confiance en vos capacit\u00e9s et de red\u00e9couvrir le plaisir de lire facilement, vous \u00eates au bon endroit. Mon approche est [&hellip;]<\/p>\n","protected":false},"author":1,"featured_media":0,"parent":0,"menu_order":0,"comment_status":"closed","ping_status":"closed","template":"","meta":{"_et_pb_use_builder":"on","_et_pb_old_content":"<!-- wp:divi\/placeholder \/-->","_et_gb_content_width":"","footnotes":""},"class_list":["post-27","page","type-page","status-publish","hentry"],"_links":{"self":[{"href":"https:\/\/chantalsimon.be\/index.php?rest_route=\/wp\/v2\/pages\/27","targetHints":{"allow":["GET"]}}],"collection":[{"href":"https:\/\/chantalsimon.be\/index.php?rest_route=\/wp\/v2\/pages"}],"about":[{"href":"https:\/\/chantalsimon.be\/index.php?rest_route=\/wp\/v2\/types\/page"}],"author":[{"embeddable":true,"href":"https:\/\/chantalsimon.be\/index.php?rest_route=\/wp\/v2\/users\/1"}],"replies":[{"embeddable":true,"href":"https:\/\/chantalsimon.be\/index.php?rest_route=%2Fwp%2Fv2%2Fcomments&post=27"}],"version-history":[{"count":15,"href":"https:\/\/chantalsimon.be\/index.php?rest_route=\/wp\/v2\/pages\/27\/revisions"}],"predecessor-version":[{"id":126,"href":"https:\/\/chantalsimon.be\/index.php?rest_route=\/wp\/v2\/pages\/27\/revisions\/126"}],"wp:attachment":[{"href":"https:\/\/chantalsimon.be\/index.php?rest_route=%2Fwp%2Fv2%2Fmedia&parent=27"}],"curies":[{"name":"wp","href":"https:\/\/api.w.org\/{rel}","templated":true}]}}